{"id":15,"date":"2023-07-29T11:30:49","date_gmt":"2023-07-29T11:30:49","guid":{"rendered":"https:\/\/leandro.myfrick.ch\/?page_id=15"},"modified":"2023-08-10T09:50:00","modified_gmt":"2023-08-10T09:50:00","slug":"ausflug-zum-einzigen-leuchtturm-der-alpen","status":"publish","type":"page","link":"https:\/\/leandro.myfrick.ch\/?page_id=15","title":{"rendered":"Leuchtturm"},"content":{"rendered":"<p><strong><img decoding=\"async\" loading=\"lazy\" class=\"aligncenter size-large wp-image-56\" src=\"https:\/\/leandro.myfrick.ch\/wp-content\/uploads\/2023\/08\/Leuchtturm-Oberalppass_Text-768x1024.jpg\" alt=\"\" width=\"768\" height=\"1024\" srcset=\"https:\/\/leandro.myfrick.ch\/wp-content\/uploads\/2023\/08\/Leuchtturm-Oberalppass_Text-768x1024.jpg 768w, https:\/\/leandro.myfrick.ch\/wp-content\/uploads\/2023\/08\/Leuchtturm-Oberalppass_Text-225x300.jpg 225w, https:\/\/leandro.myfrick.ch\/wp-content\/uploads\/2023\/08\/Leuchtturm-Oberalppass_Text-1152x1536.jpg 1152w, https:\/\/leandro.myfrick.ch\/wp-content\/uploads\/2023\/08\/Leuchtturm-Oberalppass_Text-1536x2048.jpg 1536w, https:\/\/leandro.myfrick.ch\/wp-content\/uploads\/2023\/08\/Leuchtturm-Oberalppass_Text-scaled.jpg 1920w\" sizes=\"(max-width: 768px) 100vw, 768px\" \/><br \/>\nEin Leuchtturm in der Schweiz? Unglaublich, aber wahr!<\/strong><br \/>\nIn diesen Sommerferien habe ich einen besonderen Ausflug gemacht. Ich bin \u00fcber <a href=\"https:\/\/leandro.myfrick.ch\/?page_id=43\">drei P\u00e4sse auf den Oberalppass<\/a> gefahren. Tats\u00e4chlich steht hier der einzige Leuchtturm in der ganzen Schweiz.<br \/>\n<img decoding=\"async\" loading=\"lazy\" class=\"aligncenter size-large wp-image-40\" src=\"https:\/\/leandro.myfrick.ch\/wp-content\/uploads\/2023\/08\/Google-Maps-Reise-1024x508.png\" alt=\"\" width=\"900\" height=\"446\" srcset=\"https:\/\/leandro.myfrick.ch\/wp-content\/uploads\/2023\/08\/Google-Maps-Reise-1024x508.png 1024w, https:\/\/leandro.myfrick.ch\/wp-content\/uploads\/2023\/08\/Google-Maps-Reise-300x149.png 300w, https:\/\/leandro.myfrick.ch\/wp-content\/uploads\/2023\/08\/Google-Maps-Reise-768x381.png 768w, https:\/\/leandro.myfrick.ch\/wp-content\/uploads\/2023\/08\/Google-Maps-Reise-1536x762.png 1536w, https:\/\/leandro.myfrick.ch\/wp-content\/uploads\/2023\/08\/Google-Maps-Reise-2048x1017.png 2048w\" sizes=\"(max-width: 900px) 100vw, 900px\" \/><span style=\"font-size: 20px;\"><strong><br \/>\nWie kam der dahin?<\/strong><br \/>\n<\/span><span style=\"font-size: 20px;\">Das Original dieses Leuchtturmes stand an der M\u00fcndung des Rheins in die Nordsee. Das Original steht jetzt in einem Museum in den Niederlanden. Dieser Leuchtturm wurde nachgebaut und nun ans andere Ende, an die Quelle des Rheins gestellt.<\/span><\/p>\n<p><strong>Wozu soll das gut sein?<\/strong><br \/>\n<span style=\"font-size: 20px;\">Er ist als Touristenattraktion auf dem Oberalppass gedacht auf 2046 m.\u00fc.M. Eine Stiftung betreibt ihn und wenn man einen Betrag von 100.- bezahlt kann man Besitzer eines Leuchtturmschl\u00fcssels werden. Mit diesem Schl\u00fcssel kann man den Leuchtturm \u00f6ffnen und die Aussicht auf die Berge und den Oberalpsee geniessen.<br \/>\n<img decoding=\"async\" loading=\"lazy\" class=\"aligncenter size-large wp-image-38\" src=\"https:\/\/leandro.myfrick.ch\/wp-content\/uploads\/2023\/08\/Schluessel-Leuchtturm-1024x514.jpg\" alt=\"\" width=\"900\" height=\"452\" srcset=\"https:\/\/leandro.myfrick.ch\/wp-content\/uploads\/2023\/08\/Schluessel-Leuchtturm-1024x514.jpg 1024w, https:\/\/leandro.myfrick.ch\/wp-content\/uploads\/2023\/08\/Schluessel-Leuchtturm-300x150.jpg 300w, https:\/\/leandro.myfrick.ch\/wp-content\/uploads\/2023\/08\/Schluessel-Leuchtturm-768x385.jpg 768w, https:\/\/leandro.myfrick.ch\/wp-content\/uploads\/2023\/08\/Schluessel-Leuchtturm-1536x770.jpg 1536w, https:\/\/leandro.myfrick.ch\/wp-content\/uploads\/2023\/08\/Schluessel-Leuchtturm-2048x1027.jpg 2048w\" sizes=\"(max-width: 900px) 100vw, 900px\" \/><br \/>\n<\/span><\/p>\n","protected":false},"excerpt":{"rendered":"<p>Ein Leuchtturm in der Schweiz? Unglaublich, aber wahr! In diesen Sommerferien habe ich einen besonderen [&hellip;]<\/p>\n","protected":false},"author":2,"featured_media":0,"parent":0,"menu_order":2,"comment_status":"closed","ping_status":"closed","template":"","meta":{"footnotes":""},"_links":{"self":[{"href":"https:\/\/leandro.myfrick.ch\/index.php?rest_route=\/wp\/v2\/pages\/15"}],"collection":[{"href":"https:\/\/leandro.myfrick.ch\/index.php?rest_route=\/wp\/v2\/pages"}],"about":[{"href":"https:\/\/leandro.myfrick.ch\/index.php?rest_route=\/wp\/v2\/types\/page"}],"author":[{"embeddable":true,"href":"https:\/\/leandro.myfrick.ch\/index.php?rest_route=\/wp\/v2\/users\/2"}],"replies":[{"embeddable":true,"href":"https:\/\/leandro.myfrick.ch\/index.php?rest_route=%2Fwp%2Fv2%2Fcomments&post=15"}],"version-history":[{"count":11,"href":"https:\/\/leandro.myfrick.ch\/index.php?rest_route=\/wp\/v2\/pages\/15\/revisions"}],"predecessor-version":[{"id":57,"href":"https:\/\/leandro.myfrick.ch\/index.php?rest_route=\/wp\/v2\/pages\/15\/revisions\/57"}],"wp:attachment":[{"href":"https:\/\/leandro.myfrick.ch\/index.php?rest_route=%2Fwp%2Fv2%2Fmedia&parent=15"}],"curies":[{"name":"wp","href":"https:\/\/api.w.org\/{rel}","templated":true}]}}